{"id":1587,"date":"2024-03-25T12:17:03","date_gmt":"2024-03-25T11:17:03","guid":{"rendered":"https:\/\/fotowoltage.pl\/?page_id=1587"},"modified":"2024-04-03T12:44:14","modified_gmt":"2024-04-03T10:44:14","slug":"turbiny-wiatrowe","status":"publish","type":"page","link":"https:\/\/fotowoltage.pl\/index.php\/turbiny-wiatrowe\/","title":{"rendered":"Turbiny wiatrowe"},"content":{"rendered":"<p>[et_pb_section fb_built=&#8221;1&#8243; next_background_color=&#8221;#ffffff&#8221; disabled_on=&#8221;off|off|off&#8221; admin_label=&#8221;Hero&#8221; _builder_version=&#8221;4.22.2&#8243; use_background_color_gradient=&#8221;on&#8221; background_color_gradient_direction=&#8221;70deg&#8221; background_color_gradient_stops=&#8221;#164c89 0%|rgba(128,103,79,0.5) 100%&#8221; background_color_gradient_overlays_image=&#8221;on&#8221; background_color_gradient_start=&#8221;#164c89&#8243; background_color_gradient_end=&#8221;rgba(128,103,79,0.5)&#8221; background_image=&#8221;https:\/\/fotowoltage.pl\/wp-content\/uploads\/2024\/03\/Projekt-bez-nazwy5-scaled.jpg&#8221; custom_margin=&#8221;||4.2%|||&#8221; custom_padding=&#8221;6vw||0px|||&#8221; bottom_divider_style=&#8221;mountains2&#8243; bottom_divider_height=&#8221;20vw&#8221; bottom_divider_repeat=&#8221;0.5x&#8221; bottom_divider_flip=&#8221;horizontal|vertical&#8221; global_colors_info=&#8221;{}&#8221;][et_pb_row _builder_version=&#8221;4.16&#8243; custom_margin=&#8221;-76px|auto||auto||&#8221; custom_padding=&#8221;27px|0px|0|0px|false|false&#8221; global_colors_info=&#8221;{}&#8221;][et_pb_column type=&#8221;4_4&#8243; _builder_version=&#8221;4.16&#8243; custom_padding=&#8221;|||&#8221; global_colors_info=&#8221;{}&#8221; custom_padding__hover=&#8221;|||&#8221;][et_pb_text _builder_version=&#8221;4.22.2&#8243; text_font=&#8221;Lato||||||||&#8221; text_font_size=&#8221;35px&#8221; header_font=&#8221;Lato||||||||&#8221; header_font_size=&#8221;90px&#8221; header_line_height=&#8221;1.4em&#8221; header_2_font=&#8221;Josefin Sans||||||||&#8221; header_2_text_color=&#8221;rgba(255,255,255,0.6)&#8221; header_2_font_size=&#8221;32px&#8221; header_2_line_height=&#8221;1.4em&#8221; background_layout=&#8221;dark&#8221; custom_padding=&#8221;25px|||||&#8221; animation_style=&#8221;slide&#8221; animation_direction=&#8221;right&#8221; animation_intensity_slide=&#8221;4%&#8221; header_font_size_tablet=&#8221;50px&#8221; header_font_size_phone=&#8221;32px&#8221; header_font_size_last_edited=&#8221;on|desktop&#8221; header_2_font_size_tablet=&#8221;&#8221; header_2_font_size_phone=&#8221;24px&#8221; header_2_font_size_last_edited=&#8221;on|phone&#8221; global_colors_info=&#8221;{}&#8221;]<\/p>\n<div id=\"header\">\n<div id=\"head3\" class=\"\">\n<div class=\"container\">\n<p style=\"text-align: center;\"><strong>Si\u0142a wiatru dla twojego biznesu&#8230;<\/strong><\/p>\n<p style=\"text-align: center;\">Zwi\u0119kszaj wydajno\u015b\u0107, obni\u017caj koszty!<\/p>\n<\/div>\n<\/div>\n<\/div>\n<p>[\/et_pb_text][\/et_pb_column][\/et_pb_row][et_pb_row use_custom_gutter=&#8221;on&#8221; gutter_width=&#8221;1&#8243; disabled_on=&#8221;on|off|off&#8221; module_class=&#8221; et_pb_row_fullwidth&#8221; _builder_version=&#8221;4.16&#8243; width=&#8221;100%&#8221; width_tablet=&#8221;100%&#8221; width_phone=&#8221;&#8221; width_last_edited=&#8221;on|desktop&#8221; max_width=&#8221;100%&#8221; max_width_tablet=&#8221;100%&#8221; max_width_phone=&#8221;&#8221; max_width_last_edited=&#8221;on|desktop&#8221; custom_margin=&#8221;218px|auto||auto||&#8221; make_fullwidth=&#8221;on&#8221; locked=&#8221;off&#8221; global_colors_info=&#8221;{}&#8221;][et_pb_column type=&#8221;4_4&#8243; _builder_version=&#8221;4.16&#8243; custom_padding=&#8221;|||&#8221; global_colors_info=&#8221;{}&#8221; custom_padding__hover=&#8221;|||&#8221;][\/et_pb_column][\/et_pb_row][\/et_pb_section][et_pb_section fb_built=&#8221;1&#8243; custom_padding_last_edited=&#8221;off|desktop&#8221; disabled_on=&#8221;off|off|off&#8221; admin_label=&#8221;Services&#8221; _builder_version=&#8221;4.22.2&#8243; custom_margin=&#8221;-29px|||||&#8221; custom_padding=&#8221;0px|0px|54px|0px|false|false&#8221; global_colors_info=&#8221;{}&#8221;][et_pb_row _builder_version=&#8221;4.16&#8243; _module_preset=&#8221;default&#8221; custom_padding=&#8221;0px||24px|||&#8221; global_colors_info=&#8221;{}&#8221;][et_pb_column type=&#8221;4_4&#8243; _builder_version=&#8221;4.16&#8243; _module_preset=&#8221;default&#8221; global_colors_info=&#8221;{}&#8221;][et_pb_text _builder_version=&#8221;4.22.2&#8243; _module_preset=&#8221;default&#8221; text_font=&#8221;Lato||||||||&#8221; text_font_size=&#8221;20px&#8221; header_font=&#8221;Lato||||||||&#8221; custom_padding=&#8221;19px|||||&#8221; animation_style=&#8221;slide&#8221; global_colors_info=&#8221;{}&#8221;]<\/p>\n<p><strong>Turbina wiatrowa<\/strong> to rodzaj urz\u0105dzenia, kt\u00f3re wykorzystuje si\u0142\u0119 wiatru do wytwarzania energii elektrycznej. Sk\u0142ada si\u0119 z kilku g\u0142\u00f3wnych element\u00f3w, w tym \u0142opat (cz\u0119sto nazywanych \u0142opatkami), kt\u00f3re przechwytuj\u0105 energi\u0119 kinetyczn\u0105 wiatru, obracaj\u0105c si\u0119 wok\u00f3\u0142 osi wirnika.<\/p>\n<p>Gdy wiatr napotyka na te \u0142opaty, powoduje ruch obrotowy wirnika, co z kolei nap\u0119dza generator, kt\u00f3ry przekszta\u0142ca energi\u0119 mechaniczn\u0105 w energi\u0119 elektryczn\u0105.<\/p>\n<p>Turbiny wiatrowe mog\u0105 by\u0107 stosowane zar\u00f3wno w mniejszych przydomowych instalacjach, jak i w du\u017cych farmach wiatrowych, gdzie wiele turbin jest po\u0142\u0105czonych w celu generowania wi\u0119kszej ilo\u015bci energii elektrycznej.<\/p>\n<p>S\u0105 one cz\u0119sto u\u017cywane jako czyste i odnawialne \u017ar\u00f3d\u0142o energii, zmniejszaj\u0105c w ten spos\u00f3b emisj\u0119 gaz\u00f3w cieplarnianych i zanieczyszcze\u0144 atmosferycznych.<\/p>\n<p>Montowane s\u0105\u00a0 w obszarach o odpowiednich warunkach wiatrowych, takich jak wybrze\u017ca, r\u00f3wniny lub g\u00f3rzyste tereny. Kluczowe czynniki decyduj\u0105ce o lokalizacji to \u015brednia pr\u0119dko\u015b\u0107 wiatru, dost\u0119pno\u015b\u0107 terenu oraz dost\u0119p do sieci energetycznej.<\/p>\n<p>[\/et_pb_text][\/et_pb_column][\/et_pb_row][et_pb_row column_structure=&#8221;1_2,1_2&#8243; disabled_on=&#8221;on|off|off&#8221; _builder_version=&#8221;4.16&#8243; _module_preset=&#8221;default&#8221; custom_padding=&#8221;25px||2px|||&#8221; global_colors_info=&#8221;{}&#8221;][et_pb_column type=&#8221;1_2&#8243; _builder_version=&#8221;4.16&#8243; _module_preset=&#8221;default&#8221; global_colors_info=&#8221;{}&#8221;][et_pb_text _builder_version=&#8221;4.22.2&#8243; _module_preset=&#8221;default&#8221; text_font=&#8221;Lato||||||||&#8221; text_font_size=&#8221;20px&#8221; header_font=&#8221;Lato||||||||&#8221; header_2_font=&#8221;Lato||||||||&#8221; custom_margin=&#8221;|-653px||||&#8221; animation_style=&#8221;slide&#8221; hover_enabled=&#8221;0&#8243; global_colors_info=&#8221;{}&#8221; sticky_enabled=&#8221;0&#8243;]<\/p>\n<h2 class=\"relative flex w-full flex-col\" style=\"text-align: center;\"><strong>Co zyskujesz posiadaj\u0105c\u00a0 elektrownie wiatrow\u0105 ?<\/strong><strong><\/strong><strong><\/strong><strong><\/strong><\/h2>\n<div class=\"relative flex w-full flex-col\"><strong><\/strong><\/div>\n<div class=\"flex flex-grow flex-col max-w-full\">\n<div data-message-author-role=\"user\" data-message-id=\"aaa2069f-2629-47ca-a112-284b342a4200\" class=\"min-h-[20px] text-message flex flex-col items-start gap-3 whitespace-pre-wrap break-words [.text-message+&amp;]:mt-5 overflow-x-auto\">\n<div class=\"\"><\/div>\n<ul>\n<li><strong>Oszcz\u0119dno\u015bci na rachunkach za energi\u0119<\/strong>: Inwestowanie w w\u0142asne turbiny wiatrowe mo\u017ce pom\u00f3c firmom zmniejszy\u0107 koszty zwi\u0105zane z zakupem energii elektrycznej z sieci energetycznej. Oszcz\u0119dno\u015bci te mog\u0105 by\u0107 szczeg\u00f3lnie znacz\u0105ce dla przedsi\u0119biorstw z du\u017cym zapotrzebowaniem na energi\u0119, takich jak fabryki czy zak\u0142ady przemys\u0142owe.<\/li>\n<\/ul>\n<ul>\n<li><strong>Zr\u00f3wnowa\u017cony rozw\u00f3j<\/strong>: Posiadanie w\u0142asnych \u017ar\u00f3de\u0142 energii odnawialnej, takich jak turbiny wiatrowe, mo\u017ce pom\u00f3c firmom w budowaniu pozytywnego wizerunku marki oraz realizacji cel\u00f3w zr\u00f3wnowa\u017conego rozwoju i odpowiedzialno\u015bci spo\u0142ecznej. Wspieranie odnawialnych \u017ar\u00f3de\u0142 energii mo\u017ce by\u0107 kluczowym elementem strategii firmy.<\/li>\n<\/ul>\n<ul>\n<li><strong>Niezale\u017cno\u015b\u0107 energetyczna<\/strong>: Posiadanie w\u0142asnych turbiny wiatrowych mo\u017ce zapewni\u0107 przedsi\u0119biorstwom pewn\u0105 niezale\u017cno\u015b\u0107 energetyczn\u0105, umo\u017cliwiaj\u0105c ograniczenie zale\u017cno\u015bci od tradycyjnych dostawc\u00f3w energii elektrycznej i zmniejszenie ryzyka zwi\u0105zanego z nag\u0142ymi wzrostami cen energii.<\/li>\n<\/ul>\n<ul>\n<li><strong>Dodatkowe \u017ar\u00f3d\u0142o dochod\u00f3w<\/strong>: W przypadku, gdy firma posiada wi\u0119cej energii, ni\u017c zu\u017cywa, mo\u017ce sprzedawa\u0107 nadmiar energii elektrycznej do sieci energetycznej, co generuje dodatkowe \u017ar\u00f3d\u0142o dochod\u00f3w dla przedsi\u0119biorstwa. Systemy wsparcia rz\u0105dowego mog\u0105 r\u00f3wnie\u017c oferowa\u0107 zach\u0119ty finansowe dla firm produkuj\u0105cych energi\u0119 odnawialn\u0105.<\/li>\n<\/ul>\n<ul>\n<li><strong>Dywersyfikacja portfela energetycznego<\/strong>: Wykorzystanie energii wiatrowej mo\u017ce pom\u00f3c firmom w dywersyfikacji swojego portfela energetycznego i zwi\u0119kszeniu elastyczno\u015bci w zarz\u0105dzaniu ryzykiem zwi\u0105zanym z cenami energii oraz dost\u0119pno\u015bci\u0105 tradycyjnych \u017ar\u00f3de\u0142 energii.<\/li>\n<\/ul>\n<ul>\n<li><strong>Wsp\u00f3\u0142praca w ramach wsp\u00f3lnych projekt\u00f3w<\/strong>: Firmy mog\u0105 r\u00f3wnie\u017c wsp\u00f3\u0142pracowa\u0107 z innymi podmiotami w ramach wsp\u00f3lnych projekt\u00f3w dotycz\u0105cych energii wiatrowej, co mo\u017ce przynie\u015b\u0107 korzy\u015bci finansowe oraz strategiczne dla wszystkich uczestnik\u00f3w.<\/li>\n<\/ul>\n<\/div>\n<\/div>\n<p>[\/et_pb_text][\/et_pb_column][et_pb_column type=&#8221;1_2&#8243; _builder_version=&#8221;4.16&#8243; _module_preset=&#8221;default&#8221; global_colors_info=&#8221;{}&#8221;][\/et_pb_column][\/et_pb_row][\/et_pb_section][et_pb_section fb_built=&#8221;1&#8243; prev_background_color=&#8221;#ffffff&#8221; next_background_color=&#8221;#ffffff&#8221; disabled_on=&#8221;off|off|off&#8221; admin_label=&#8221;Call To Action&#8221; _builder_version=&#8221;4.22.2&#8243; use_background_color_gradient=&#8221;on&#8221; background_color_gradient_direction=&#8221;70deg&#8221; background_color_gradient_stops=&#8221;#164c89 0%|rgba(128,103,79,0.5) 100%&#8221; background_color_gradient_overlays_image=&#8221;on&#8221; background_color_gradient_start=&#8221;#164c89&#8243; background_color_gradient_end=&#8221;rgba(128,103,79,0.5)&#8221; background_image=&#8221;https:\/\/fotowoltage.pl\/wp-content\/uploads\/2024\/03\/Projekt-bez-nazwy7-scaled.jpg&#8221; min_height=&#8221;585px&#8221; custom_margin=&#8221;|||&#8221; custom_padding=&#8221;11vw||5vw||false|false&#8221; top_divider_style=&#8221;mountains2&#8243; top_divider_height=&#8221;18vw&#8221; top_divider_repeat=&#8221;0.5x&#8221; bottom_divider_style=&#8221;mountains2&#8243; bottom_divider_height=&#8221;14%&#8221; bottom_divider_repeat=&#8221;0.5x&#8221; bottom_divider_flip=&#8221;horizontal&#8221; locked=&#8221;off&#8221; global_colors_info=&#8221;{}&#8221;][et_pb_row _builder_version=&#8221;4.16&#8243; custom_margin=&#8221;-76px|auto||auto||&#8221; custom_padding=&#8221;27px|0px|0|0px|false|false&#8221; global_colors_info=&#8221;{}&#8221;][et_pb_column type=&#8221;4_4&#8243; _builder_version=&#8221;4.16&#8243; custom_padding=&#8221;|||&#8221; global_colors_info=&#8221;{}&#8221; custom_padding__hover=&#8221;|||&#8221;][et_pb_text _builder_version=&#8221;4.22.2&#8243; text_font=&#8221;Lato||||||||&#8221; text_font_size=&#8221;35px&#8221; header_font=&#8221;Lato||||||||&#8221; header_font_size=&#8221;90px&#8221; header_line_height=&#8221;1.4em&#8221; header_2_font=&#8221;Josefin Sans||||||||&#8221; header_2_text_color=&#8221;rgba(255,255,255,0.6)&#8221; header_2_font_size=&#8221;32px&#8221; header_2_line_height=&#8221;1.4em&#8221; background_layout=&#8221;dark&#8221; custom_padding=&#8221;121px|||||&#8221; animation_style=&#8221;slide&#8221; animation_direction=&#8221;right&#8221; animation_intensity_slide=&#8221;4%&#8221; header_font_size_tablet=&#8221;50px&#8221; header_font_size_phone=&#8221;32px&#8221; header_font_size_last_edited=&#8221;on|desktop&#8221; header_2_font_size_tablet=&#8221;&#8221; header_2_font_size_phone=&#8221;24px&#8221; header_2_font_size_last_edited=&#8221;on|phone&#8221; global_colors_info=&#8221;{}&#8221;]<\/p>\n<h1>Zmieniaj wiatr na oszcz\u0119dno\u015bci!<\/h1>\n<p>[\/et_pb_text][\/et_pb_column][\/et_pb_row][\/et_pb_section]<\/p>\n","protected":false},"excerpt":{"rendered":"<p>Si\u0142a wiatru dla twojego biznesu&#8230; Zwi\u0119kszaj wydajno\u015b\u0107, obni\u017caj koszty! Turbina wiatrowa to rodzaj urz\u0105dzenia, kt\u00f3re wykorzystuje si\u0142\u0119 wiatru do wytwarzania energii elektrycznej. Sk\u0142ada si\u0119 z kilku g\u0142\u00f3wnych element\u00f3w, w tym \u0142opat (cz\u0119sto nazywanych \u0142opatkami), kt\u00f3re przechwytuj\u0105 energi\u0119 kinetyczn\u0105 wiatru, obracaj\u0105c si\u0119 wok\u00f3\u0142 osi wirnika. Gdy wiatr napotyka na te \u0142opaty, powoduje ruch obrotowy wirnika, co [&hellip;]<\/p>\n","protected":false},"author":1,"featured_media":0,"parent":0,"menu_order":0,"comment_status":"closed","ping_status":"closed","template":"","meta":{"_et_pb_use_builder":"on","_et_pb_old_content":"","_et_gb_content_width":"","footnotes":""},"class_list":["post-1587","page","type-page","status-publish","hentry"],"_links":{"self":[{"href":"https:\/\/fotowoltage.pl\/index.php\/wp-json\/wp\/v2\/pages\/1587","targetHints":{"allow":["GET"]}}],"collection":[{"href":"https:\/\/fotowoltage.pl\/index.php\/wp-json\/wp\/v2\/pages"}],"about":[{"href":"https:\/\/fotowoltage.pl\/index.php\/wp-json\/wp\/v2\/types\/page"}],"author":[{"embeddable":true,"href":"https:\/\/fotowoltage.pl\/index.php\/wp-json\/wp\/v2\/users\/1"}],"replies":[{"embeddable":true,"href":"https:\/\/fotowoltage.pl\/index.php\/wp-json\/wp\/v2\/comments?post=1587"}],"version-history":[{"count":9,"href":"https:\/\/fotowoltage.pl\/index.php\/wp-json\/wp\/v2\/pages\/1587\/revisions"}],"predecessor-version":[{"id":1667,"href":"https:\/\/fotowoltage.pl\/index.php\/wp-json\/wp\/v2\/pages\/1587\/revisions\/1667"}],"wp:attachment":[{"href":"https:\/\/fotowoltage.pl\/index.php\/wp-json\/wp\/v2\/media?parent=1587"}],"curies":[{"name":"wp","href":"https:\/\/api.w.org\/{rel}","templated":true}]}}