{"id":1525,"date":"2024-02-25T21:22:23","date_gmt":"2024-02-25T20:22:23","guid":{"rendered":"https:\/\/fotowoltage.pl\/?page_id=1525"},"modified":"2024-03-14T13:45:31","modified_gmt":"2024-03-14T12:45:31","slug":"cennik-gotowych-zestawow","status":"publish","type":"page","link":"https:\/\/fotowoltage.pl\/index.php\/cennik-gotowych-zestawow\/","title":{"rendered":"Cennik gotowych zestaw\u00f3w"},"content":{"rendered":"<p>[et_pb_section fb_built=&#8221;1&#8243; _builder_version=&#8221;4.22.2&#8243; _module_preset=&#8221;default&#8221; background_color=&#8221;#efefef&#8221; global_colors_info=&#8221;{}&#8221;][et_pb_row _builder_version=&#8221;4.22.2&#8243; _module_preset=&#8221;default&#8221; border_color_all=&#8221;RGBA(255,255,255,0)&#8221; global_colors_info=&#8221;{}&#8221;][et_pb_column type=&#8221;4_4&#8243; _builder_version=&#8221;4.22.2&#8243; _module_preset=&#8221;default&#8221; background_color=&#8221;RGBA(255,255,255,0)&#8221; global_colors_info=&#8221;{}&#8221;][et_pb_pricing_tables featured_table_background_color=&#8221;#FFFFFF&#8221; featured_table_subheader_text_color=&#8221;#FFFFFF&#8221; _builder_version=&#8221;4.22.2&#8243; _module_preset=&#8221;default&#8221; hover_enabled=&#8221;0&#8243; global_colors_info=&#8221;{}&#8221; sticky_enabled=&#8221;0&#8243;][et_pb_pricing_table title=&#8221;Wariant ECO&#8221; subtitle=&#8221;4 kWp PV + 5 kWh magazyn&#8221; currency=&#8221;PLN&#8221; sum=&#8221;31 500&#8243; bullet_color=&#8221;#1c5d99&#8243; price_background_color=&#8221;#FFFFFF&#8221; header_background_color=&#8221;#1c5d99&#8243; _builder_version=&#8221;4.22.2&#8243; _module_preset=&#8221;default&#8221; price_text_color=&#8221;#1c5d99&#8243; header_level=&#8221;h2&#8243; header_font=&#8221;Adamina|700|||||||&#8221; header_text_color=&#8221;#FFFFFF&#8221; body_font=&#8221;||||||||&#8221; body_text_color=&#8221;#000000&#8243; body_font_size=&#8221;13px&#8221; body_line_height=&#8221;1em&#8221; subheader_font=&#8221;|600|||||||&#8221; subheader_text_color=&#8221;#FFFFFF&#8221; subheader_font_size=&#8221;20px&#8221; subheader_line_height=&#8221;2em&#8221; price_font=&#8221;Adamina||||||||&#8221; price_font_size=&#8221;60px&#8221; price_line_height=&#8221;65px&#8221; header_text_shadow_style=&#8221;preset4&#8243; border_color_all=&#8221;#000000&#8243; global_colors_info=&#8221;{}&#8221; sticky_transition=&#8221;on&#8221;]<\/p>\n<p><strong>Zestaw zawiera:<\/strong><\/p>\n<p>panele fotowoltaiczne renomowanego producenta<\/p>\n<p>inwerter hybrydowy renomowanego producenta<\/p>\n<p>magazyn energii o pojemno\u015bci 5kWh<\/p>\n<p>dedykowan\u0105 konstrukcj\u0119 no\u015bn\u0105<\/p>\n<p>pe\u0142ne zabezpieczenia elektryczna AC i DC<\/p>\n<p>okablowanie<\/p>\n<p>monta\u017c<\/p>\n<p>zg\u0142oszenie do OSD<\/p>\n<p>z\u0142o\u017cenie wniosku o dofinansowanie<\/p>\n<p><strong>Dla kogo:\u00a0\u00a0\u00a0\u00a0\u00a0\u00a0\u00a0\u00a0\u00a0\u00a0\u00a0\u00a0\u00a0\u00a0\u00a0\u00a0\u00a0\u00a0\u00a0\u00a0\u00a0\u00a0\u00a0\u00a0\u00a0\u00a0\u00a0\u00a0\u00a0\u00a0\u00a0\u00a0\u00a0\u00a0\u00a0\u00a0\u00a0\u00a0\u00a0\u00a0\u00a0\u00a0\u00a0\u00a0\u00a0\u00a0\u00a0\u00a0\u00a0\u00a0\u00a0\u00a0\u00a0\u00a0\u00a0\u00a0\u00a0\u00a0\u00a0\u00a0\u00a0\u00a0\u00a0\u00a0\u00a0\u00a0\u00a0\u00a0\u00a0 <\/strong>Dla os\u00f3b pracuj\u0105cych poza domem<\/p>\n<p>dom o powierzchni: 80-120 m2<\/p>\n<p>ilo\u015b\u0107 domownik\u00f3w: 2-3 os.<\/p>\n<p>klimatyzacja: NIE<\/p>\n<p>ogrzewanie elektryczne: NIE<\/p>\n<p>samoch\u00f3d elektryczny: NIE<\/p>\n<p>[\/et_pb_pricing_table][et_pb_pricing_table title=&#8221;Wariant LIGHT&#8221; subtitle=&#8221;5 kWp PV + 11 kWh magazyn&#8221; currency=&#8221;PLN&#8221; sum=&#8221;44 300&#8243; bullet_color=&#8221;#1c5d99&#8243; price_background_color=&#8221;#FFFFFF&#8221; header_background_color=&#8221;#1c5d99&#8243; _builder_version=&#8221;4.22.2&#8243; _module_preset=&#8221;default&#8221; price_text_color=&#8221;#1c5d99&#8243; header_level=&#8221;h2&#8243; header_font=&#8221;Adamina|700|||||||&#8221; header_text_color=&#8221;#FFFFFF&#8221; body_font=&#8221;||||||||&#8221; body_text_color=&#8221;#000000&#8243; body_font_size=&#8221;13px&#8221; body_line_height=&#8221;1em&#8221; subheader_font=&#8221;|600|||||||&#8221; subheader_text_color=&#8221;#FFFFFF&#8221; subheader_font_size=&#8221;20px&#8221; subheader_line_height=&#8221;2em&#8221; price_font=&#8221;Adamina||||||||&#8221; price_font_size=&#8221;60px&#8221; price_line_height=&#8221;65px&#8221; header_text_shadow_style=&#8221;preset4&#8243; border_color_all=&#8221;#000000&#8243; global_colors_info=&#8221;{}&#8221; sticky_transition=&#8221;on&#8221;]<\/p>\n<p><strong>Zestaw zawiera<\/strong>:<\/p>\n<p>panele fotowoltaiczne renomowanego producenta<\/p>\n<p>inwerter hybrydowy renomowanego producenta<\/p>\n<p>magazyn energii o pojemno\u015bci 10,7kWh<\/p>\n<p>dedykowan\u0105 konstrukcj\u0119 no\u015bn\u0105<\/p>\n<p>pe\u0142ne zabezpieczenia elektryczna AC i DC<\/p>\n<p>okablowanie<\/p>\n<p>monta\u017c<\/p>\n<p>zg\u0142oszenie do OSD<\/p>\n<p>z\u0142o\u017cenie wniosku o dofinansowanie<\/p>\n<p><strong>Dla kogo<\/strong>:\u00a0\u00a0\u00a0\u00a0\u00a0\u00a0\u00a0\u00a0\u00a0\u00a0\u00a0\u00a0\u00a0\u00a0\u00a0\u00a0\u00a0\u00a0\u00a0\u00a0\u00a0\u00a0\u00a0\u00a0\u00a0\u00a0\u00a0\u00a0\u00a0\u00a0\u00a0\u00a0\u00a0\u00a0\u00a0\u00a0\u00a0\u00a0\u00a0\u00a0\u00a0\u00a0\u00a0\u00a0\u00a0\u00a0\u00a0\u00a0\u00a0\u00a0\u00a0\u00a0\u00a0\u00a0\u00a0\u00a0\u00a0\u00a0\u00a0\u00a0\u00a0\u00a0\u00a0\u00a0\u00a0\u00a0\u00a0\u00a0\u00a0\u00a0\u00a0\u00a0 Dla os\u00f3b pracuj\u0105cych poza domem<\/p>\n<p>dom o powierzchni: 100-150 m2<\/p>\n<p>ilo\u015b\u0107 domownik\u00f3w: 2-4 os.<\/p>\n<p>klimatyzacja: NIE<\/p>\n<p>ogrzewanie elektryczne: NIE<\/p>\n<p>samoch\u00f3d elektryczny: NIE<\/p>\n<p>[\/et_pb_pricing_table][et_pb_pricing_table featured=&#8221;on&#8221; title=&#8221;Wariant OPTI&#8221; subtitle=&#8221;7 kWp PV + 7 kWh magazyn&#8221; currency=&#8221;PLN&#8221; sum=&#8221;43 000&#8243; bullet_color=&#8221;#1c5d99&#8243; price_background_color=&#8221;#FFFFFF&#8221; header_background_color=&#8221;#1c5d99&#8243; button_text_tablet=&#8221;&#8221; button_text_phone=&#8221;&#8221; button_text_last_edited=&#8221;on|desktop&#8221; _builder_version=&#8221;4.22.2&#8243; _module_preset=&#8221;default&#8221; price_text_color=&#8221;#1c5d99&#8243; header_level=&#8221;h2&#8243; header_font=&#8221;Adamina|700|||||||&#8221; header_text_color=&#8221;#FFFFFF&#8221; body_font=&#8221;||||||||&#8221; body_text_color=&#8221;#000000&#8243; body_font_size=&#8221;13px&#8221; body_line_height=&#8221;1em&#8221; subheader_font=&#8221;|600|||||||&#8221; subheader_text_color=&#8221;#FFFFFF&#8221; subheader_font_size=&#8221;20px&#8221; subheader_line_height=&#8221;2em&#8221; price_font=&#8221;Adamina||||||||&#8221; price_font_size=&#8221;60px&#8221; price_line_height=&#8221;65px&#8221; background_color=&#8221;#FFFFFF&#8221; background_enable_color=&#8221;on&#8221; hover_enabled=&#8221;0&#8243; header_text_shadow_style=&#8221;preset4&#8243; border_width_all=&#8221;3px&#8221; border_color_all=&#8221;#000000&#8243; global_colors_info=&#8221;{}&#8221; sticky_transition=&#8221;on&#8221; sticky_enabled=&#8221;0&#8243;]<\/p>\n<p><strong>Zestaw zawiera:<\/strong><\/p>\n<p>panele fotowoltaiczne renomowanego producenta<\/p>\n<p>inwerter hybrydowy renomowanego producenta<\/p>\n<p>magazyn energii o pojemno\u015bci 7kWh<\/p>\n<p>dedykowan\u0105 konstrukcj\u0119 no\u015bn\u0105<\/p>\n<p>pe\u0142ne zabezpieczenia elektryczna AC i DC<\/p>\n<p><span class=\"OYPEnA text-decoration-none text-strikethrough-none\">zabezpieczenia ppo\u017c.<\/span><\/p>\n<p>okablowanie<\/p>\n<p>monta\u017c<\/p>\n<p>zg\u0142oszenie do OSD<\/p>\n<p>z\u0142o\u017cenie wniosku o dofinansowanie<\/p>\n<p><strong>Dla kogo<\/strong>:\u00a0\u00a0\u00a0\u00a0\u00a0\u00a0\u00a0\u00a0\u00a0\u00a0\u00a0\u00a0\u00a0\u00a0\u00a0\u00a0\u00a0\u00a0\u00a0\u00a0\u00a0\u00a0\u00a0\u00a0\u00a0\u00a0\u00a0\u00a0\u00a0\u00a0\u00a0\u00a0\u00a0\u00a0\u00a0\u00a0\u00a0\u00a0\u00a0\u00a0\u00a0\u00a0\u00a0\u00a0\u00a0\u00a0\u00a0\u00a0\u00a0\u00a0\u00a0\u00a0\u00a0\u00a0\u00a0\u00a0\u00a0\u00a0\u00a0\u00a0\u00a0\u00a0\u00a0\u00a0\u00a0\u00a0\u00a0 Dla os\u00f3b pracuj\u0105cych w domu<\/p>\n<p>dom o powierzchni: 100-150 m2<\/p>\n<p>ilo\u015b\u0107 domownik\u00f3w: 2-3 os.<\/p>\n<p>klimatyzacja: TAK<\/p>\n<p>ogrzewanie elektryczne: NIE<\/p>\n<p>samoch\u00f3d elektryczny: NIE<\/p>\n<p>[\/et_pb_pricing_table][et_pb_pricing_table title=&#8221;Wariant PLUS&#8221; subtitle=&#8221;8 kWp PV + 11 kWh magazyn&#8221; currency=&#8221;PLN&#8221; sum=&#8221;53 500&#8243; bullet_color=&#8221;#1c5d99&#8243; price_background_color=&#8221;#FFFFFF&#8221; header_background_color=&#8221;#1c5d99&#8243; _builder_version=&#8221;4.22.2&#8243; _module_preset=&#8221;default&#8221; price_text_color=&#8221;#1c5d99&#8243; header_level=&#8221;h2&#8243; header_font=&#8221;Adamina|700|||||||&#8221; header_text_color=&#8221;#FFFFFF&#8221; body_font=&#8221;||||||||&#8221; body_text_color=&#8221;#000000&#8243; body_font_size=&#8221;13px&#8221; body_line_height=&#8221;1em&#8221; subheader_font=&#8221;|600|||||||&#8221; subheader_text_color=&#8221;#FFFFFF&#8221; subheader_font_size=&#8221;20px&#8221; subheader_line_height=&#8221;2em&#8221; price_font=&#8221;Adamina||||||||&#8221; price_font_size=&#8221;60px&#8221; price_line_height=&#8221;65px&#8221; hover_enabled=&#8221;0&#8243; header_text_shadow_style=&#8221;preset4&#8243; border_color_all=&#8221;#000000&#8243; global_colors_info=&#8221;{}&#8221; sticky_transition=&#8221;on&#8221; sticky_enabled=&#8221;0&#8243;]<\/p>\n<p><strong>Zestaw zawiera:<\/strong><\/p>\n<p>panele fotowoltaiczne renomowanego producenta<\/p>\n<p>inwerter hybrydowy renomowanego producenta<\/p>\n<p>magazyn energii o pojemno\u015bci 10,7kWh<\/p>\n<p><strong>UPS (zapewnia ci\u0105g\u0142o\u015b\u0107 zasilania w razie przerw w dostawie energii)<\/strong><\/p>\n<p>dedykowan\u0105 konstrukcj\u0119 no\u015bn\u0105<\/p>\n<p>pe\u0142ne zabezpieczenia elektryczna AC i DC<\/p>\n<p><span class=\"OYPEnA text-decoration-none text-strikethrough-none\">zabezpieczenia ppo\u017c.<\/span><\/p>\n<p>okablowanie<\/p>\n<p>monta\u017c<\/p>\n<p>zg\u0142oszenie do OSD<\/p>\n<p>z\u0142o\u017cenie wniosku o dofinansowanie<\/p>\n<p><strong>Dla kogo:\u00a0\u00a0\u00a0\u00a0\u00a0\u00a0\u00a0\u00a0\u00a0\u00a0\u00a0\u00a0\u00a0\u00a0\u00a0\u00a0\u00a0\u00a0\u00a0\u00a0\u00a0\u00a0\u00a0\u00a0\u00a0\u00a0\u00a0\u00a0\u00a0\u00a0\u00a0\u00a0\u00a0\u00a0\u00a0\u00a0\u00a0\u00a0\u00a0\u00a0\u00a0\u00a0\u00a0\u00a0\u00a0\u00a0\u00a0\u00a0\u00a0\u00a0\u00a0\u00a0\u00a0\u00a0\u00a0\u00a0\u00a0\u00a0\u00a0\u00a0\u00a0\u00a0\u00a0\u00a0\u00a0\u00a0\u00a0\u00a0 <\/strong>Dla os\u00f3b pracuj\u0105cych poza domem<\/p>\n<p>dom o powierzchni: 150-200 m2<\/p>\n<p>ilo\u015b\u0107 domownik\u00f3w: 3-4 os.<\/p>\n<p>klimatyzacja: TAK<\/p>\n<p>ogrzewanie elektryczne: NIE<\/p>\n<p>samoch\u00f3d elektryczny: TAK<\/p>\n<p>[\/et_pb_pricing_table][et_pb_pricing_table title=&#8221;Wariant PROXI&#8221; subtitle=&#8221;10kWp PV  + 10 kWh magazyn&#8221; currency=&#8221;PLN&#8221; sum=&#8221;60 500&#8243; bullet_color=&#8221;#1c5d99&#8243; price_background_color=&#8221;#FFFFFF&#8221; header_background_color=&#8221;#1c5d99&#8243; _builder_version=&#8221;4.22.2&#8243; _module_preset=&#8221;default&#8221; price_text_color=&#8221;#1c5d99&#8243; header_level=&#8221;h2&#8243; header_font=&#8221;Adamina|700|||||||&#8221; header_text_color=&#8221;#FFFFFF&#8221; body_font=&#8221;||||||||&#8221; body_text_color=&#8221;#000000&#8243; body_font_size=&#8221;13px&#8221; body_line_height=&#8221;1em&#8221; subheader_font=&#8221;|600|||||||&#8221; subheader_text_color=&#8221;#FFFFFF&#8221; subheader_font_size=&#8221;20px&#8221; subheader_line_height=&#8221;2em&#8221; price_font=&#8221;Adamina||||||||&#8221; price_font_size=&#8221;60px&#8221; price_line_height=&#8221;65px&#8221; background_color=&#8221;#FFFFFF&#8221; background_enable_color=&#8221;on&#8221; background_enable_mask_style=&#8221;on&#8221; background_mask_color=&#8221;#FFFFFF&#8221; hover_enabled=&#8221;0&#8243; header_text_shadow_style=&#8221;preset4&#8243; border_color_all=&#8221;#000000&#8243; global_colors_info=&#8221;{}&#8221; sticky_transition=&#8221;on&#8221; sticky_enabled=&#8221;0&#8243;]<\/p>\n<p><strong>Zestaw zawiera:<\/strong><br \/>panele fotowoltaiczne renomowanego producenta<br \/>inwerter hybrydowy renomowanego producenta<br \/>magazyn energii o pojemno\u015bci 10kWh<br \/>dedykowan\u0105 konstrukcj\u0119 no\u015bn\u0105<br \/>pe\u0142ne zabezpieczenia elektryczna AC i DC<\/p>\n<p><span class=\"OYPEnA text-decoration-none text-strikethrough-none\">zabezpieczenia ppo\u017c.<\/span><br \/>okablowanie<br \/>monta\u017c<br \/>zg\u0142oszenie do OSD<br \/><strong>Dla kogo:\u00a0\u00a0\u00a0\u00a0\u00a0\u00a0\u00a0\u00a0\u00a0\u00a0\u00a0\u00a0\u00a0\u00a0\u00a0\u00a0\u00a0\u00a0\u00a0\u00a0\u00a0\u00a0\u00a0\u00a0\u00a0\u00a0\u00a0\u00a0\u00a0\u00a0\u00a0\u00a0\u00a0\u00a0\u00a0\u00a0\u00a0\u00a0\u00a0\u00a0\u00a0\u00a0\u00a0\u00a0\u00a0\u00a0\u00a0\u00a0\u00a0\u00a0\u00a0\u00a0\u00a0\u00a0\u00a0\u00a0\u00a0\u00a0\u00a0\u00a0\u00a0\u00a0\u00a0\u00a0\u00a0\u00a0\u00a0\u00a0\u00a0\u00a0\u00a0 <\/strong>Dla os\u00f3b du\u017co przebywaj\u0105cych w domu<br \/>dom o powierzchni: 150-250 m2<br \/>ilo\u015b\u0107 domownik\u00f3w: 3-5 os.<br \/>klimatyzacja: TAK<br \/>ogrzewanie elektryczne: NIE<br \/>samoch\u00f3d elektryczny: TAK<\/p>\n<p>[\/et_pb_pricing_table][et_pb_pricing_table title=&#8221;Wariant MEGA &#8221; subtitle=&#8221;10 kWp PV + 14,2 kWh magazyn&#8221; currency=&#8221;PLN&#8221; sum=&#8221;72 000&#8243; bullet_color=&#8221;#1c5d99&#8243; price_background_color=&#8221;#FFFFFF&#8221; header_background_color=&#8221;#1c5d99&#8243; _builder_version=&#8221;4.22.2&#8243; _module_preset=&#8221;default&#8221; price_text_color=&#8221;#1c5d99&#8243; header_level=&#8221;h2&#8243; header_font=&#8221;Adamina|700|||||||&#8221; header_text_color=&#8221;#FFFFFF&#8221; body_font=&#8221;||||||||&#8221; body_text_color=&#8221;#000000&#8243; body_font_size=&#8221;13px&#8221; body_line_height=&#8221;1em&#8221; subheader_font=&#8221;|600|||||||&#8221; subheader_text_color=&#8221;#FFFFFF&#8221; subheader_font_size=&#8221;20px&#8221; subheader_line_height=&#8221;2em&#8221; price_font=&#8221;Adamina||||||||&#8221; price_font_size=&#8221;60px&#8221; price_line_height=&#8221;65px&#8221; hover_enabled=&#8221;0&#8243; header_text_shadow_style=&#8221;preset4&#8243; border_color_all=&#8221;#000000&#8243; global_colors_info=&#8221;{}&#8221; sticky_transition=&#8221;on&#8221; sticky_enabled=&#8221;0&#8243;]<\/p>\n<p><strong>Zestaw zawiera:<\/strong><\/p>\n<p>panele fotowoltaiczne renomowanego producenta<\/p>\n<p>inwerter hybrydowy renomowanego producenta<\/p>\n<p>magazyn energii o pojemno\u015bci 14,2kWh<\/p>\n<p><strong>UPS (zapewnia ci\u0105g\u0142o\u015b\u0107 zasilania w razie przerw w dostawie energii)<\/strong><\/p>\n<p>dedykowan\u0105 konstrukcj\u0119 no\u015bn\u0105<\/p>\n<p>pe\u0142ne zabezpieczenia elektryczna AC i DC<\/p>\n<p><span class=\"OYPEnA text-decoration-none text-strikethrough-none\">zabezpieczenia ppo\u017c.<\/span><\/p>\n<p>okablowanie<\/p>\n<p>monta\u017c<\/p>\n<p>zg\u0142oszenie do OSD<\/p>\n<p><strong>Dla kogo:\u00a0\u00a0\u00a0\u00a0\u00a0\u00a0\u00a0\u00a0\u00a0\u00a0\u00a0\u00a0\u00a0\u00a0\u00a0\u00a0\u00a0\u00a0\u00a0\u00a0\u00a0\u00a0\u00a0\u00a0\u00a0\u00a0\u00a0\u00a0\u00a0\u00a0\u00a0\u00a0\u00a0\u00a0\u00a0\u00a0\u00a0\u00a0\u00a0\u00a0\u00a0\u00a0\u00a0\u00a0\u00a0\u00a0\u00a0\u00a0\u00a0\u00a0\u00a0\u00a0\u00a0\u00a0\u00a0\u00a0\u00a0\u00a0\u00a0\u00a0\u00a0\u00a0\u00a0\u00a0\u00a0\u00a0\u00a0\u00a0\u00a0\u00a0\u00a0 <\/strong>Dla os\u00f3b du\u017co przebywaj\u0105cych w domu<\/p>\n<p>dom o powierzchni: 200-300 m2<\/p>\n<p>ilo\u015b\u0107 domownik\u00f3w: 3-6 os.<\/p>\n<p>klimatyzacja: TAK<\/p>\n<p>ogrzewanie elektryczne: TAK<\/p>\n<p>samoch\u00f3d elektryczny: TAK<\/p>\n<p>[\/et_pb_pricing_table][et_pb_pricing_table title=&#8221;Wariant MAXI &#8221; subtitle=&#8221;14 kWp PV + 24,4 kWh magazynu&#8221; currency=&#8221;PLN&#8221; sum=&#8221;89 000&#8243; bullet_color=&#8221;#1c5d99&#8243; price_background_color=&#8221;#FFFFFF&#8221; header_background_color=&#8221;#1c5d99&#8243; _builder_version=&#8221;4.22.2&#8243; _module_preset=&#8221;default&#8221; price_text_color=&#8221;#1c5d99&#8243; header_level=&#8221;h2&#8243; header_font=&#8221;Adamina|700|||||||&#8221; header_text_color=&#8221;#FFFFFF&#8221; body_font=&#8221;||||||||&#8221; body_text_color=&#8221;#000000&#8243; body_font_size=&#8221;13px&#8221; body_line_height=&#8221;1em&#8221; subheader_font=&#8221;|600|||||||&#8221; subheader_text_color=&#8221;#FFFFFF&#8221; subheader_font_size=&#8221;20px&#8221; subheader_line_height=&#8221;2em&#8221; price_font=&#8221;Adamina||||||||&#8221; price_font_size=&#8221;60px&#8221; price_line_height=&#8221;65px&#8221; hover_enabled=&#8221;0&#8243; header_text_shadow_style=&#8221;preset4&#8243; border_color_all=&#8221;#000000&#8243; global_colors_info=&#8221;{}&#8221; sticky_transition=&#8221;on&#8221; sticky_enabled=&#8221;0&#8243;]<\/p>\n<p style=\"text-align: left;\"><strong>PE\u0141NA NIEZALE\u017bNO\u015a\u0106 ENERGETYCZNA<\/strong><br \/><strong>Zestaw zawiera:<\/strong><br \/>panele fotowoltaiczne renomowanego producenta<br \/>inwerter hybrydowy renomowanego producenta<br \/>magazyn energii o pojemno\u015bci 21,4kWh<\/p>\n<p style=\"text-align: left;\"><strong>UPS (zapewnia ci\u0105g\u0142o\u015b\u0107 zasilania w razie przerw w dostawie energii)<\/strong><br \/>dedykowan\u0105 konstrukcj\u0119 no\u015bn\u0105<br \/>pe\u0142ne zabezpieczenia elektryczna AC i DC<\/p>\n<p style=\"text-align: left;\"><strong><span class=\"OYPEnA text-decoration-none text-strikethrough-none\">zabezpieczenia ppo\u017c.<\/span><\/strong><br \/>okablowanie<br \/>monta\u017c<br \/>zg\u0142oszenie do OSD<\/p>\n<p style=\"text-align: left;\"><strong>Dla kogo:\u00a0\u00a0\u00a0\u00a0\u00a0\u00a0\u00a0\u00a0\u00a0\u00a0\u00a0\u00a0\u00a0\u00a0\u00a0\u00a0\u00a0\u00a0\u00a0\u00a0\u00a0\u00a0\u00a0\u00a0\u00a0\u00a0\u00a0\u00a0\u00a0\u00a0\u00a0\u00a0\u00a0\u00a0\u00a0\u00a0\u00a0\u00a0\u00a0\u00a0\u00a0\u00a0\u00a0\u00a0\u00a0\u00a0\u00a0\u00a0\u00a0\u00a0\u00a0\u00a0\u00a0\u00a0\u00a0\u00a0\u00a0\u00a0\u00a0\u00a0\u00a0\u00a0\u00a0\u00a0\u00a0\u00a0\u00a0\u00a0\u00a0\u00a0\u00a0 <\/strong>Dla os\u00f3b du\u017co przebywaj\u0105cych w domu<br \/>dom o powierzchni: 200-300 m2<br \/>ilo\u015b\u0107 domownik\u00f3w: 4-6 os.<br \/>klimatyzacja: TAK<br \/>ogrzewanie elektryczne: TAK<br \/>samoch\u00f3d elektryczny: TAK<\/p>\n<p>[\/et_pb_pricing_table][\/et_pb_pricing_tables][\/et_pb_column][\/et_pb_row][\/et_pb_section][et_pb_section fb_built=&#8221;1&#8243; prev_background_color=&#8221;#efefef&#8221; next_background_color=&#8221;#ffffff&#8221; disabled_on=&#8221;off|off|off&#8221; admin_label=&#8221;Call To Action&#8221; _builder_version=&#8221;4.22.2&#8243; use_background_color_gradient=&#8221;on&#8221; background_color_gradient_direction=&#8221;70deg&#8221; background_color_gradient_stops=&#8221;#164c89 0%|rgba(128,103,79,0.5) 100%&#8221; background_color_gradient_overlays_image=&#8221;on&#8221; background_color_gradient_start=&#8221;#164c89&#8243; background_color_gradient_end=&#8221;rgba(128,103,79,0.5)&#8221; background_image=&#8221;https:\/\/fotowoltage.pl\/wp-content\/uploads\/2024\/02\/Projekt-bez-nazwy2-scaled.jpg&#8221; min_height=&#8221;585px&#8221; custom_margin=&#8221;|||&#8221; custom_padding=&#8221;12vw||5vw||false|false&#8221; top_divider_style=&#8221;mountains2&#8243; top_divider_height=&#8221;18vw&#8221; top_divider_repeat=&#8221;0.5x&#8221; bottom_divider_style=&#8221;mountains2&#8243; bottom_divider_height=&#8221;14%&#8221; bottom_divider_repeat=&#8221;0.5x&#8221; bottom_divider_flip=&#8221;horizontal&#8221; locked=&#8221;off&#8221; global_colors_info=&#8221;{}&#8221;][et_pb_row _builder_version=&#8221;4.16&#8243; custom_margin=&#8221;-76px|auto||auto||&#8221; custom_padding=&#8221;27px|0px|0|0px|false|false&#8221; global_colors_info=&#8221;{}&#8221;][et_pb_column type=&#8221;4_4&#8243; _builder_version=&#8221;4.16&#8243; custom_padding=&#8221;|||&#8221; global_colors_info=&#8221;{}&#8221; custom_padding__hover=&#8221;|||&#8221;][et_pb_text _builder_version=&#8221;4.22.2&#8243; text_font=&#8221;Lato||||||||&#8221; text_font_size=&#8221;35px&#8221; header_font=&#8221;Lato||||||||&#8221; header_font_size=&#8221;77px&#8221; header_line_height=&#8221;1.4em&#8221; header_2_font=&#8221;Josefin Sans||||||||&#8221; header_2_text_color=&#8221;rgba(255,255,255,0.6)&#8221; header_2_font_size=&#8221;32px&#8221; header_2_line_height=&#8221;1.4em&#8221; background_layout=&#8221;dark&#8221; custom_margin=&#8221;||53px|||&#8221; custom_padding=&#8221;83px||19px|||&#8221; animation_style=&#8221;slide&#8221; animation_direction=&#8221;right&#8221; animation_intensity_slide=&#8221;4%&#8221; text_font_size_tablet=&#8221;&#8221; text_font_size_phone=&#8221;19px&#8221; text_font_size_last_edited=&#8221;on|phone&#8221; header_font_size_tablet=&#8221;50px&#8221; header_font_size_phone=&#8221;40px&#8221; header_font_size_last_edited=&#8221;on|desktop&#8221; header_2_font_size_tablet=&#8221;&#8221; header_2_font_size_phone=&#8221;24px&#8221; header_2_font_size_last_edited=&#8221;on|phone&#8221; global_colors_info=&#8221;{}&#8221;]<\/p>\n<h1 style=\"text-align: center;\">NIEZALE\u017bNO\u015a\u0106 ENERGETYCZNA<\/h1>\n<p>[\/et_pb_text][et_pb_button button_url=&#8221;tel:+48516410218&#8243; button_text=&#8221;+48 516 410 218&#8243; button_alignment=&#8221;center&#8221; button_text_tablet=&#8221;+48 516 410 218&#8243; button_text_phone=&#8221;+48 516 410 218&#8243; button_text_last_edited=&#8221;on|phone&#8221; _builder_version=&#8221;4.16&#8243; _module_preset=&#8221;default&#8221; custom_button=&#8221;on&#8221; button_font=&#8221;Lato||||||||&#8221; button_icon=&#8221;&#xe00b;||divi||400&#8243; button_icon_placement=&#8221;left&#8221; custom_margin=&#8221;-36px|||||&#8221; global_colors_info=&#8221;{}&#8221;][\/et_pb_button][\/et_pb_column][\/et_pb_row][\/et_pb_section]<\/p>\n","protected":false},"excerpt":{"rendered":"<p>Zestaw zawiera: panele fotowoltaiczne renomowanego producenta inwerter hybrydowy renomowanego producenta magazyn energii o pojemno\u015bci 5kWh dedykowan\u0105 konstrukcj\u0119 no\u015bn\u0105 pe\u0142ne zabezpieczenia elektryczna AC i DC okablowanie monta\u017c zg\u0142oszenie do OSD z\u0142o\u017cenie wniosku o dofinansowanie Dla kogo:\u00a0\u00a0\u00a0\u00a0\u00a0\u00a0\u00a0\u00a0\u00a0\u00a0\u00a0\u00a0\u00a0\u00a0\u00a0\u00a0\u00a0\u00a0\u00a0\u00a0\u00a0\u00a0\u00a0\u00a0\u00a0\u00a0\u00a0\u00a0\u00a0\u00a0\u00a0\u00a0\u00a0\u00a0\u00a0\u00a0\u00a0\u00a0\u00a0\u00a0\u00a0\u00a0\u00a0\u00a0\u00a0\u00a0\u00a0\u00a0\u00a0\u00a0\u00a0\u00a0\u00a0\u00a0\u00a0\u00a0\u00a0\u00a0\u00a0\u00a0\u00a0\u00a0\u00a0\u00a0\u00a0\u00a0\u00a0\u00a0\u00a0 Dla os\u00f3b pracuj\u0105cych poza domem dom o powierzchni: 80-120 m2 ilo\u015b\u0107 domownik\u00f3w: 2-3 os. klimatyzacja: NIE ogrzewanie elektryczne: NIE samoch\u00f3d [&hellip;]<\/p>\n","protected":false},"author":1,"featured_media":0,"parent":0,"menu_order":0,"comment_status":"closed","ping_status":"closed","template":"","meta":{"_et_pb_use_builder":"on","_et_pb_old_content":"","_et_gb_content_width":"","footnotes":""},"class_list":["post-1525","page","type-page","status-publish","hentry"],"_links":{"self":[{"href":"https:\/\/fotowoltage.pl\/index.php\/wp-json\/wp\/v2\/pages\/1525","targetHints":{"allow":["GET"]}}],"collection":[{"href":"https:\/\/fotowoltage.pl\/index.php\/wp-json\/wp\/v2\/pages"}],"about":[{"href":"https:\/\/fotowoltage.pl\/index.php\/wp-json\/wp\/v2\/types\/page"}],"author":[{"embeddable":true,"href":"https:\/\/fotowoltage.pl\/index.php\/wp-json\/wp\/v2\/users\/1"}],"replies":[{"embeddable":true,"href":"https:\/\/fotowoltage.pl\/index.php\/wp-json\/wp\/v2\/comments?post=1525"}],"version-history":[{"count":23,"href":"https:\/\/fotowoltage.pl\/index.php\/wp-json\/wp\/v2\/pages\/1525\/revisions"}],"predecessor-version":[{"id":1577,"href":"https:\/\/fotowoltage.pl\/index.php\/wp-json\/wp\/v2\/pages\/1525\/revisions\/1577"}],"wp:attachment":[{"href":"https:\/\/fotowoltage.pl\/index.php\/wp-json\/wp\/v2\/media?parent=1525"}],"curies":[{"name":"wp","href":"https:\/\/api.w.org\/{rel}","templated":true}]}}